{"id":375,"date":"2017-12-21T04:45:24","date_gmt":"2017-12-21T04:45:24","guid":{"rendered":"https:\/\/essenciale.store\/index.php\/producto\/dnk-black-shoes\/"},"modified":"2023-06-27T19:28:08","modified_gmt":"2023-06-27T19:28:08","slug":"caja-misteriosa-diversos-premios","status":"publish","type":"product","link":"https:\/\/essenciale.store\/index.php\/producto\/caja-misteriosa-diversos-premios\/","title":{"rendered":"CAJA MISTERIOSA &#8211; DIVERSOS PREMIOS"},"content":{"rendered":"","protected":false},"excerpt":{"rendered":"<div><strong>CAJA MISTERIOSA CON DIVERSOS PREMIOS!<\/strong><\/div>\n<div><strong>Prueba tu suerte y tenga la oportunidad de ganar Iphones, Laptops, Auriculares Apple, Smartwachs y mucho m\u00e1s!<\/strong><\/div>\n<div><strong>\u00a0<\/strong><\/div>\n<div><strong>PRODUCTOS REALES QUE PUEDES GANAR&#8230;<\/strong><\/div>\n<h2><\/h2>\n<p><img decoding=\"async\" class=\"img-fluid\" src=\"https:\/\/cdn.shopify.com\/s\/files\/1\/0764\/3486\/6473\/files\/21312321_480x480.jpg?v=1685143240\" alt=\"\" \/><\/p>\n<p><img decoding=\"async\" class=\"img-fluid\" src=\"https:\/\/cdn.shopify.com\/s\/files\/1\/0764\/3486\/6473\/files\/32143243242_480x480.jpg?v=1685143254\" alt=\"\" \/><\/p>\n<p><img decoding=\"async\" class=\"img-fluid\" src=\"https:\/\/cdn.shopify.com\/s\/files\/1\/0764\/3486\/6473\/files\/54354345_480x480.jpg?v=1685143266\" alt=\"\" \/><\/p>\n<h3><strong>ULTIMAS UNIDADES CON VALOR PROMOCIONAL<\/strong><\/h3>\n<p><strong><img decoding=\"async\" class=\"img-fluid\" src=\"https:\/\/cdn.shopify.com\/s\/files\/1\/0764\/3486\/6473\/files\/gif1_caixa-min_19f7785e-050c-489d-92e0-41453aad0239_480x480.gif?v=1685837733\" alt=\"\" \/><\/strong><\/p>\n<h3><strong>QUE PUEDE VIR EN LA CAJA?<\/strong><\/h3>\n<p><strong><img decoding=\"async\" class=\"img-fluid\" src=\"https:\/\/cdn.shopify.com\/s\/files\/1\/0764\/3486\/6473\/files\/1679508147-caixamisteriosa2_1600x-removebg-preview_480x480.png?v=1685143409\" alt=\"\" \/><\/strong><\/p>\n<ul>\n<li><strong>Celulares<\/strong><\/li>\n<li><strong>Videojuegos<\/strong><\/li>\n<li><strong>Relojes inteligentes (Smartwachs)<\/strong><\/li>\n<li><strong>Ropas Importadas<\/strong><\/li>\n<li><strong>Tabletas<\/strong><\/li>\n<li><strong>Auriculares Apple<\/strong><\/li>\n<li><strong>C\u00e1maras fotogr\u00e1ficas<\/strong><\/li>\n<li><strong>Accesorios de Inform\u00e1tica<\/strong><\/li>\n<\/ul>\n<h3><strong>DESCUBRE C\u00d3MO VENDEMOS ESTOS PRODUCTOS A UN PRECIO TAN BAJO:<\/strong><\/h3>\n<p><strong><img decoding=\"async\" class=\"img-fluid\" src=\"https:\/\/cdn.shopify.com\/s\/files\/1\/0764\/3486\/6473\/files\/1679509021-GalpaoNaPandemia-1110x640-1_480x480.jpg?v=1685143398\" alt=\"\" \/><\/strong><\/p>\n<p>Al menos una vez al a\u00f1o, las f\u00e1bricas y almacenes de\u00a0<strong>Amazon<\/strong>\u00a0tienen que deshacerse de una amplia variedad de productos no reclamados, que son productos que los propietarios no recoger\u00e1n del almac\u00e9n despu\u00e9s de 1 a\u00f1o en los Estados Unidos.<\/p>\n<div>As\u00ed podremos comprarlos a un precio muy econ\u00f3mico y revenderlo en forma de\u00a0<strong>Caja Misteriosa<\/strong>.<\/div>\n<div>Dando a nuestros clientes la oportunidad de comprar\u00a0<strong>productos incre\u00edbles a un precio simb\u00f3lico.<\/strong><\/div>\n<div><\/div>\n<div><strong>GARANTIA<\/strong><\/div>\n<div>Los productos que recibir\u00e1 no valen menos que el precio que pagaste en la caja! Sin riesgos!<\/div>\n<p>&nbsp;<\/p>\n<div id=\"510271\" class=\"section_row\" data-v-4b3acc2c=\"\" data-v-6bea8f81=\"\" data-eid=\"510271\">\n<div class=\"row-column\" data-v-796cd32d=\"\" data-v-4b3acc2c=\"\">\n<div class=\"element-wrapper\" data-v-8b814fa4=\"\" data-v-796cd32d=\"\" data-eid=\"774000\">\n<div class=\"headline el-774000\" data-v-8b814fa4=\"\">\n<div class=\"headline-inner\">\n<h3 style=\"text-align: center;\"><span style=\"color: #00aaff;\"><strong>COMPRE AHORA SU CAJA MISTERIOSA 2023<\/strong><\/span><\/h3>\n<\/div>\n<\/div>\n<\/div>\n<\/div>\n<\/div>\n<div id=\"31683\" class=\"section_row\" data-v-4b3acc2c=\"\" data-v-6bea8f81=\"\" data-eid=\"31683\">\n<div class=\"row-column\" data-v-796cd32d=\"\" data-v-4b3acc2c=\"\">\n<div class=\"element-wrapper\" data-v-8b814fa4=\"\" data-v-796cd32d=\"\" data-eid=\"580245\">\n<div class=\"headline el-580245\" data-v-8b814fa4=\"\">\n<div class=\"headline-inner\">\n<h3 style=\"text-align: center;\"><strong>CAJA MISTERIOSA<\/strong><\/h3>\n<p>&nbsp;<\/p>\n<p><img decoding=\"async\" class=\"img-fluid\" src=\"https:\/\/cdn.shopify.com\/s\/files\/1\/0764\/3486\/6473\/files\/1679509769-png_1600x-removebg-preview_480x480.png?v=1685143507\" alt=\"\" \/><\/p>\n<div class=\"element-wrapper\" data-eid=\"58536\" data-v-796cd32d=\"\" data-v-8b814fa4=\"\">\n<div class=\"headline el-58536\" data-v-8b814fa4=\"\">\n<div class=\"headline-inner\">\n<h3><strong>GARANT\u00cdA DE DEVOLUCI\u00d3N DEL DINERO<\/strong><\/h3>\n<\/div>\n<\/div>\n<\/div>\n<div class=\"element-wrapper\" data-eid=\"61842\" data-v-796cd32d=\"\" data-v-8b814fa4=\"\">\n<div class=\"paragraph el-61842\" data-v-8b814fa4=\"\">\n<div class=\"paragraph-inner\">\n<p>Ofreceremos una pol\u00edtica de devoluci\u00f3n sin preguntas. Si no est\u00e1 satisfecho de alguna manera con su compra, procesaremos un reembolso o reemplazaremos el producto. Su completa satisfacci\u00f3n es nuestra meta.<\/p>\n<\/div>\n<\/div>\n<\/div>\n<\/div>\n<\/div>\n<\/div>\n<\/div>\n<\/div>\n","protected":false},"featured_media":4564,"comment_status":"open","ping_status":"closed","template":"","meta":{"site-sidebar-layout":"no-sidebar","site-content-layout":"page-builder","ast-global-header-display":"","ast-banner-title-visibility":"","ast-main-header-display":"","ast-hfb-above-header-display":"","ast-hfb-below-header-display":"","ast-hfb-mobile-header-display":"","site-post-title":"disabled","ast-breadcrumbs-content":"","ast-featured-img":"disabled","footer-sml-layout":"","theme-transparent-header-meta":"default","adv-header-id-meta":"","stick-header-meta":"","header-above-stick-meta":"","header-main-stick-meta":"","header-below-stick-meta":""},"product_cat":[70],"product_tag":[],"_links":{"self":[{"href":"https:\/\/essenciale.store\/index.php\/wp-json\/wp\/v2\/product\/375"}],"collection":[{"href":"https:\/\/essenciale.store\/index.php\/wp-json\/wp\/v2\/product"}],"about":[{"href":"https:\/\/essenciale.store\/index.php\/wp-json\/wp\/v2\/types\/product"}],"replies":[{"embeddable":true,"href":"https:\/\/essenciale.store\/index.php\/wp-json\/wp\/v2\/comments?post=375"}],"wp:featuredmedia":[{"embeddable":true,"href":"https:\/\/essenciale.store\/index.php\/wp-json\/wp\/v2\/media\/4564"}],"wp:attachment":[{"href":"https:\/\/essenciale.store\/index.php\/wp-json\/wp\/v2\/media?parent=375"}],"wp:term":[{"taxonomy":"product_cat","embeddable":true,"href":"https:\/\/essenciale.store\/index.php\/wp-json\/wp\/v2\/product_cat?post=375"},{"taxonomy":"product_tag","embeddable":true,"href":"https:\/\/essenciale.store\/index.php\/wp-json\/wp\/v2\/product_tag?post=375"}],"curies":[{"name":"wp","href":"https:\/\/api.w.org\/{rel}","templated":true}]}}