{"id":4570,"date":"2023-06-27T20:24:41","date_gmt":"2023-06-27T20:24:41","guid":{"rendered":"https:\/\/essenciale.store\/?page_id=4570"},"modified":"2023-06-27T20:24:41","modified_gmt":"2023-06-27T20:24:41","slug":"legal-notice","status":"publish","type":"page","link":"https:\/\/essenciale.store\/index.php\/legal-notice\/","title":{"rendered":"Legal notice"},"content":{"rendered":"\n<p>Descargo de responsabilidad<br>El contenido de este sitio web (el &#8220;Contenido&#8221;), incluidos, entre otros, texto, gr\u00e1ficos, im\u00e1genes y videos, marcas registradas, marcas, logotipos y software, est\u00e1 protegido por las leyes de propiedad intelectual. La propiedad del contenido no se le otorgar\u00e1 a usted ni a ning\u00fan usuario de este sitio web, sino que permanecer\u00e1 con&nbsp;Prime Store o los terceros propietarios del Contenido publicado.<\/p>\n\n\n\n<p>Prime Store&nbsp;es propietaria de los nombres utilizados para los negocios de la empresa y los nombres de los productos, servicios y soluciones mencionados en este sitio, y todos estos nombres est\u00e1n protegidos por las leyes de propiedad intelectual y derechos de autor. Todas las marcas comerciales pertenecen a sus respectivos propietarios.<\/p>\n\n\n\n<p>Solo est\u00e1 autorizado a ver, enviar por correo electr\u00f3nico, descargar o imprimir copias del Contenido, pero solo para sus fines personales y no comerciales. El uso no autorizado del Contenido puede interpretarse como una violaci\u00f3n de las leyes de propiedad intelectual y otras leyes. Al enviar por correo electr\u00f3nico, descargar o imprimir copias del Contenido, tambi\u00e9n debe incluir todos los derechos de autor y otros avisos incluidos en el Contenido, incluidos los avisos de derechos de autor en la parte inferior de la p\u00e1gina.<\/p>\n\n\n\n<p>El Contenido no puede ser reproducido, transcrito, almacenado en un sistema de recuperaci\u00f3n, traducido a ning\u00fan idioma o lenguaje inform\u00e1tico, retransmitido de ninguna forma o por ning\u00fan medio (electr\u00f3nico, mec\u00e1nico, fotogr\u00e1fico, grabado o de otro tipo), revendido o redistribuido sin el consentimiento previo de&nbsp;Prime Store. consentimiento por escrito. No puede vender ni modificar el Contenido ni reproducirlo, mostrarlo, ejecutarlo p\u00fablicamente, distribuirlo o utilizarlo de otro modo para fines p\u00fablicos o comerciales.<\/p>\n\n\n\n<p>No puede enmarcar este sitio o partes de \u00e9l en otros sitios, y acepta no copiar ninguna parte de este sitio en un servidor. Tambi\u00e9n acepta no mostrar ni utilizar los nombres, logotipos o marcas comerciales de&nbsp;Prime Store&nbsp;de ninguna manera sin el consentimiento previo por escrito de&nbsp;Prime Store.<\/p>\n\n\n\n<p>Estos son los t\u00e9rminos de&nbsp;Prime Store, al navegar por nuestro sitio autom\u00e1ticamente acepta todos ellos, cualquier violaci\u00f3n de cada l\u00ednea de nuestros t\u00e9rminos puede dar lugar a sanciones seg\u00fan las leyes de propiedad intelectual y otras leyes.<\/p>\n\n\n\n<p>Este sitio no est\u00e1 afiliado a Facebook ni a Google ni a ninguna de sus entidades.<\/p>\n\n\n\n<p>Los contenidos y productos publicados aqu\u00ed son responsabilidad exclusiva de&nbsp;Prime Store.<\/p>\n","protected":false},"excerpt":{"rendered":"<p>Descargo de responsabilidadEl contenido de este sitio web (el &#8220;Contenido&#8221;), incluidos, entre otros, texto, gr\u00e1ficos, im\u00e1genes y videos, marcas registradas, marcas, logotipos y software, est\u00e1 protegido por las leyes de propiedad intelectual. La propiedad del contenido no se le otorgar\u00e1 a usted ni a ning\u00fan usuario de este sitio web, sino que permanecer\u00e1 con&nbsp;Prime Store &hellip;<\/p>\n<p class=\"read-more\"> <a class=\"\" href=\"https:\/\/essenciale.store\/index.php\/legal-notice\/\"> <span class=\"screen-reader-text\">Legal notice<\/span> Read More &raquo;<\/a><\/p>\n","protected":false},"author":1,"featured_media":0,"parent":0,"menu_order":0,"comment_status":"closed","ping_status":"closed","template":"","meta":{"site-sidebar-layout":"default","site-content-layout":"default","ast-global-header-display":"","ast-banner-title-visibility":"","ast-main-header-display":"","ast-hfb-above-header-display":"","ast-hfb-below-header-display":"","ast-hfb-mobile-header-display":"","site-post-title":"","ast-breadcrumbs-content":"","ast-featured-img":"","footer-sml-layout":"","theme-transparent-header-meta":"","adv-header-id-meta":"","stick-header-meta":"","header-above-stick-meta":"","header-main-stick-meta":"","header-below-stick-meta":"","footnotes":""},"_links":{"self":[{"href":"https:\/\/essenciale.store\/index.php\/wp-json\/wp\/v2\/pages\/4570"}],"collection":[{"href":"https:\/\/essenciale.store\/index.php\/wp-json\/wp\/v2\/pages"}],"about":[{"href":"https:\/\/essenciale.store\/index.php\/wp-json\/wp\/v2\/types\/page"}],"author":[{"embeddable":true,"href":"https:\/\/essenciale.store\/index.php\/wp-json\/wp\/v2\/users\/1"}],"replies":[{"embeddable":true,"href":"https:\/\/essenciale.store\/index.php\/wp-json\/wp\/v2\/comments?post=4570"}],"version-history":[{"count":1,"href":"https:\/\/essenciale.store\/index.php\/wp-json\/wp\/v2\/pages\/4570\/revisions"}],"predecessor-version":[{"id":4571,"href":"https:\/\/essenciale.store\/index.php\/wp-json\/wp\/v2\/pages\/4570\/revisions\/4571"}],"wp:attachment":[{"href":"https:\/\/essenciale.store\/index.php\/wp-json\/wp\/v2\/media?parent=4570"}],"curies":[{"name":"wp","href":"https:\/\/api.w.org\/{rel}","templated":true}]}}